{"id":1523,"date":"2026-04-01T08:27:53","date_gmt":"2026-04-01T05:27:53","guid":{"rendered":"https:\/\/spin-panda.games\/de\/?page_id=1523"},"modified":"2026-04-15T16:01:52","modified_gmt":"2026-04-15T13:01:52","slug":"casino","status":"publish","type":"page","link":"https:\/\/spin-panda.games\/de\/casino\/","title":{"rendered":"Casino"},"content":{"rendered":"","protected":false},"excerpt":{"rendered":"","protected":false},"author":1,"featured_media":0,"parent":0,"menu_order":0,"comment_status":"closed","ping_status":"closed","template":"","meta":{"_acf_changed":false,"footnotes":""},"class_list":["post-1523","page","type-page","status-publish","hentry"],"acf":[],"yoast_head":"<!-- This site is optimized with the Yoast SEO plugin v26.6 - https:\/\/yoast.com\/wordpress\/plugins\/seo\/ -->\n<title>SpinPanda Casino \u2014 Spielautomaten, Live-Dealer &amp; Kartenspiele<\/title>\n<meta name=\"description\" content=\"Entdecken Sie das SpinPanda Casino \u2013 eine spezialisierte Website, die ausschlie\u00dflich Spielautomaten, Kartenspiele und Live-Dealer anbietet. Keine \u00fcberladenen Wettangebote, Hunderttausende Spieler weltweit. Schneller Zugriff, erstklassige Unterhaltung f\u00fcr ein konzentriertes Spielerlebnis.\" \/>\n<meta name=\"robots\" content=\"index, follow, max-snippet:-1, max-image-preview:large, max-video-preview:-1\" \/>\n<link rel=\"canonical\" href=\"https:\/\/spin-panda.games\/de\/casino\/\" \/>\n<meta property=\"og:locale\" content=\"de_DE\" \/>\n<meta property=\"og:type\" content=\"article\" \/>\n<meta property=\"og:title\" content=\"SpinPanda Casino \u2014 Spielautomaten, Live-Dealer &amp; Kartenspiele\" \/>\n<meta property=\"og:description\" content=\"Entdecken Sie das SpinPanda Casino \u2013 eine spezialisierte Website, die ausschlie\u00dflich Spielautomaten, Kartenspiele und Live-Dealer anbietet. Keine \u00fcberladenen Wettangebote, Hunderttausende Spieler weltweit. Schneller Zugriff, erstklassige Unterhaltung f\u00fcr ein konzentriertes Spielerlebnis.\" \/>\n<meta property=\"og:url\" content=\"https:\/\/spin-panda.games\/de\/casino\/\" \/>\n<meta property=\"og:site_name\" content=\"Spin-Panda Games DE\" \/>\n<meta property=\"article:modified_time\" content=\"2026-04-15T13:01:52+00:00\" \/>\n<meta name=\"twitter:card\" content=\"summary_large_image\" \/>\n<script type=\"application\/ld+json\" class=\"yoast-schema-graph\">{\"@context\":\"https:\/\/schema.org\",\"@graph\":[{\"@type\":\"WebPage\",\"@id\":\"https:\/\/spin-panda.games\/de\/casino\/\",\"url\":\"https:\/\/spin-panda.games\/de\/casino\/\",\"name\":\"SpinPanda Casino \u2014 Spielautomaten, Live-Dealer & Kartenspiele\",\"isPartOf\":{\"@id\":\"https:\/\/spin-panda.games\/de\/#website\"},\"datePublished\":\"2026-04-01T05:27:53+00:00\",\"dateModified\":\"2026-04-15T13:01:52+00:00\",\"description\":\"Entdecken Sie das SpinPanda Casino \u2013 eine spezialisierte Website, die ausschlie\u00dflich Spielautomaten, Kartenspiele und Live-Dealer anbietet. Keine \u00fcberladenen Wettangebote, Hunderttausende Spieler weltweit. Schneller Zugriff, erstklassige Unterhaltung f\u00fcr ein konzentriertes Spielerlebnis.\",\"inLanguage\":\"de\",\"potentialAction\":[{\"@type\":\"ReadAction\",\"target\":[\"https:\/\/spin-panda.games\/de\/casino\/\"]}]},{\"@type\":\"WebSite\",\"@id\":\"https:\/\/spin-panda.games\/de\/#website\",\"url\":\"https:\/\/spin-panda.games\/de\/\",\"name\":\"Spin-Panda Games DE\",\"description\":\"\",\"potentialAction\":[{\"@type\":\"SearchAction\",\"target\":{\"@type\":\"EntryPoint\",\"urlTemplate\":\"https:\/\/spin-panda.games\/de\/?s={search_term_string}\"},\"query-input\":{\"@type\":\"PropertyValueSpecification\",\"valueRequired\":true,\"valueName\":\"search_term_string\"}}],\"inLanguage\":\"de\"}]}<\/script>\n<!-- \/ Yoast SEO plugin. -->","yoast_head_json":{"title":"SpinPanda Casino \u2014 Spielautomaten, Live-Dealer & Kartenspiele","description":"Entdecken Sie das SpinPanda Casino \u2013 eine spezialisierte Website, die ausschlie\u00dflich Spielautomaten, Kartenspiele und Live-Dealer anbietet. Keine \u00fcberladenen Wettangebote, Hunderttausende Spieler weltweit. Schneller Zugriff, erstklassige Unterhaltung f\u00fcr ein konzentriertes Spielerlebnis.","robots":{"index":"index","follow":"follow","max-snippet":"max-snippet:-1","max-image-preview":"max-image-preview:large","max-video-preview":"max-video-preview:-1"},"canonical":"https:\/\/spin-panda.games\/de\/casino\/","og_locale":"de_DE","og_type":"article","og_title":"SpinPanda Casino \u2014 Spielautomaten, Live-Dealer & Kartenspiele","og_description":"Entdecken Sie das SpinPanda Casino \u2013 eine spezialisierte Website, die ausschlie\u00dflich Spielautomaten, Kartenspiele und Live-Dealer anbietet. Keine \u00fcberladenen Wettangebote, Hunderttausende Spieler weltweit. Schneller Zugriff, erstklassige Unterhaltung f\u00fcr ein konzentriertes Spielerlebnis.","og_url":"https:\/\/spin-panda.games\/de\/casino\/","og_site_name":"Spin-Panda Games DE","article_modified_time":"2026-04-15T13:01:52+00:00","twitter_card":"summary_large_image","schema":{"@context":"https:\/\/schema.org","@graph":[{"@type":"WebPage","@id":"https:\/\/spin-panda.games\/de\/casino\/","url":"https:\/\/spin-panda.games\/de\/casino\/","name":"SpinPanda Casino \u2014 Spielautomaten, Live-Dealer & Kartenspiele","isPartOf":{"@id":"https:\/\/spin-panda.games\/de\/#website"},"datePublished":"2026-04-01T05:27:53+00:00","dateModified":"2026-04-15T13:01:52+00:00","description":"Entdecken Sie das SpinPanda Casino \u2013 eine spezialisierte Website, die ausschlie\u00dflich Spielautomaten, Kartenspiele und Live-Dealer anbietet. Keine \u00fcberladenen Wettangebote, Hunderttausende Spieler weltweit. Schneller Zugriff, erstklassige Unterhaltung f\u00fcr ein konzentriertes Spielerlebnis.","inLanguage":"de","potentialAction":[{"@type":"ReadAction","target":["https:\/\/spin-panda.games\/de\/casino\/"]}]},{"@type":"WebSite","@id":"https:\/\/spin-panda.games\/de\/#website","url":"https:\/\/spin-panda.games\/de\/","name":"Spin-Panda Games DE","description":"","potentialAction":[{"@type":"SearchAction","target":{"@type":"EntryPoint","urlTemplate":"https:\/\/spin-panda.games\/de\/?s={search_term_string}"},"query-input":{"@type":"PropertyValueSpecification","valueRequired":true,"valueName":"search_term_string"}}],"inLanguage":"de"}]}},"_links":{"self":[{"href":"https:\/\/spin-panda.games\/de\/wp-json\/wp\/v2\/pages\/1523","targetHints":{"allow":["GET"]}}],"collection":[{"href":"https:\/\/spin-panda.games\/de\/wp-json\/wp\/v2\/pages"}],"about":[{"href":"https:\/\/spin-panda.games\/de\/wp-json\/wp\/v2\/types\/page"}],"author":[{"embeddable":true,"href":"https:\/\/spin-panda.games\/de\/wp-json\/wp\/v2\/users\/1"}],"replies":[{"embeddable":true,"href":"https:\/\/spin-panda.games\/de\/wp-json\/wp\/v2\/comments?post=1523"}],"version-history":[{"count":5,"href":"https:\/\/spin-panda.games\/de\/wp-json\/wp\/v2\/pages\/1523\/revisions"}],"predecessor-version":[{"id":1767,"href":"https:\/\/spin-panda.games\/de\/wp-json\/wp\/v2\/pages\/1523\/revisions\/1767"}],"wp:attachment":[{"href":"https:\/\/spin-panda.games\/de\/wp-json\/wp\/v2\/media?parent=1523"}],"curies":[{"name":"wp","href":"https:\/\/api.w.org\/{rel}","templated":true}]}}