{"id":1499,"date":"2026-03-31T12:13:51","date_gmt":"2026-03-31T09:13:51","guid":{"rendered":"https:\/\/spin-panda.games\/at\/?page_id=1499"},"modified":"2026-04-16T10:20:38","modified_gmt":"2026-04-16T07:20:38","slug":"affiliate","status":"publish","type":"page","link":"https:\/\/spin-panda.games\/at\/affiliate\/","title":{"rendered":"Partner"},"content":{"rendered":"","protected":false},"excerpt":{"rendered":"","protected":false},"author":1,"featured_media":0,"parent":0,"menu_order":0,"comment_status":"closed","ping_status":"closed","template":"","meta":{"_acf_changed":false,"footnotes":""},"class_list":["post-1499","page","type-page","status-publish","hentry"],"acf":[],"yoast_head":"<!-- This site is optimized with the Yoast SEO plugin v26.6 - https:\/\/yoast.com\/wordpress\/plugins\/seo\/ -->\n<title>SpinPanda Partnerprogramm \u2013 Leitfaden f\u00fcr passives Einkommen<\/title>\n<meta name=\"description\" content=\"Melden Sie sich kostenlos beim SpinPanda-Partnerprogramm \u00d6sterreich an! Freuen Sie sich auf ein regelm\u00e4\u00dfiges passives Einkommen, w\u00f6chentliche Auszahlungen und eine Umsatzbeteiligung von bis zu 50 %. Ausf\u00fchrliche Anleitung: Anmeldung, Tools und Tipps zur Werbung f\u00fcr Slots und Live-Casino-Spiele f\u00fcr maximale Konversionsraten.\" \/>\n<meta name=\"robots\" content=\"index, follow, max-snippet:-1, max-image-preview:large, max-video-preview:-1\" \/>\n<link rel=\"canonical\" href=\"https:\/\/spin-panda.games\/at\/affiliate\/\" \/>\n<meta property=\"og:locale\" content=\"de_DE\" \/>\n<meta property=\"og:type\" content=\"article\" \/>\n<meta property=\"og:title\" content=\"SpinPanda Partnerprogramm \u2013 Leitfaden f\u00fcr passives Einkommen\" \/>\n<meta property=\"og:description\" content=\"Melden Sie sich kostenlos beim SpinPanda-Partnerprogramm \u00d6sterreich an! Freuen Sie sich auf ein regelm\u00e4\u00dfiges passives Einkommen, w\u00f6chentliche Auszahlungen und eine Umsatzbeteiligung von bis zu 50 %. Ausf\u00fchrliche Anleitung: Anmeldung, Tools und Tipps zur Werbung f\u00fcr Slots und Live-Casino-Spiele f\u00fcr maximale Konversionsraten.\" \/>\n<meta property=\"og:url\" content=\"https:\/\/spin-panda.games\/at\/affiliate\/\" \/>\n<meta property=\"og:site_name\" content=\"Spin-Panda Games AT\" \/>\n<meta property=\"article:modified_time\" content=\"2026-04-16T07:20:38+00:00\" \/>\n<meta name=\"twitter:card\" content=\"summary_large_image\" \/>\n<script type=\"application\/ld+json\" class=\"yoast-schema-graph\">{\"@context\":\"https:\/\/schema.org\",\"@graph\":[{\"@type\":\"WebPage\",\"@id\":\"https:\/\/spin-panda.games\/at\/affiliate\/\",\"url\":\"https:\/\/spin-panda.games\/at\/affiliate\/\",\"name\":\"SpinPanda Partnerprogramm \u2013 Leitfaden f\u00fcr passives Einkommen\",\"isPartOf\":{\"@id\":\"https:\/\/spin-panda.games\/at\/#website\"},\"datePublished\":\"2026-03-31T09:13:51+00:00\",\"dateModified\":\"2026-04-16T07:20:38+00:00\",\"description\":\"Melden Sie sich kostenlos beim SpinPanda-Partnerprogramm \u00d6sterreich an! Freuen Sie sich auf ein regelm\u00e4\u00dfiges passives Einkommen, w\u00f6chentliche Auszahlungen und eine Umsatzbeteiligung von bis zu 50 %. Ausf\u00fchrliche Anleitung: Anmeldung, Tools und Tipps zur Werbung f\u00fcr Slots und Live-Casino-Spiele f\u00fcr maximale Konversionsraten.\",\"inLanguage\":\"de-AT\",\"potentialAction\":[{\"@type\":\"ReadAction\",\"target\":[\"https:\/\/spin-panda.games\/at\/affiliate\/\"]}]},{\"@type\":\"WebSite\",\"@id\":\"https:\/\/spin-panda.games\/at\/#website\",\"url\":\"https:\/\/spin-panda.games\/at\/\",\"name\":\"Spin-Panda Games AT\",\"description\":\"\",\"potentialAction\":[{\"@type\":\"SearchAction\",\"target\":{\"@type\":\"EntryPoint\",\"urlTemplate\":\"https:\/\/spin-panda.games\/at\/?s={search_term_string}\"},\"query-input\":{\"@type\":\"PropertyValueSpecification\",\"valueRequired\":true,\"valueName\":\"search_term_string\"}}],\"inLanguage\":\"de-AT\"}]}<\/script>\n<!-- \/ Yoast SEO plugin. -->","yoast_head_json":{"title":"SpinPanda Partnerprogramm \u2013 Leitfaden f\u00fcr passives Einkommen","description":"Melden Sie sich kostenlos beim SpinPanda-Partnerprogramm \u00d6sterreich an! Freuen Sie sich auf ein regelm\u00e4\u00dfiges passives Einkommen, w\u00f6chentliche Auszahlungen und eine Umsatzbeteiligung von bis zu 50 %. Ausf\u00fchrliche Anleitung: Anmeldung, Tools und Tipps zur Werbung f\u00fcr Slots und Live-Casino-Spiele f\u00fcr maximale Konversionsraten.","robots":{"index":"index","follow":"follow","max-snippet":"max-snippet:-1","max-image-preview":"max-image-preview:large","max-video-preview":"max-video-preview:-1"},"canonical":"https:\/\/spin-panda.games\/at\/affiliate\/","og_locale":"de_DE","og_type":"article","og_title":"SpinPanda Partnerprogramm \u2013 Leitfaden f\u00fcr passives Einkommen","og_description":"Melden Sie sich kostenlos beim SpinPanda-Partnerprogramm \u00d6sterreich an! Freuen Sie sich auf ein regelm\u00e4\u00dfiges passives Einkommen, w\u00f6chentliche Auszahlungen und eine Umsatzbeteiligung von bis zu 50 %. Ausf\u00fchrliche Anleitung: Anmeldung, Tools und Tipps zur Werbung f\u00fcr Slots und Live-Casino-Spiele f\u00fcr maximale Konversionsraten.","og_url":"https:\/\/spin-panda.games\/at\/affiliate\/","og_site_name":"Spin-Panda Games AT","article_modified_time":"2026-04-16T07:20:38+00:00","twitter_card":"summary_large_image","schema":{"@context":"https:\/\/schema.org","@graph":[{"@type":"WebPage","@id":"https:\/\/spin-panda.games\/at\/affiliate\/","url":"https:\/\/spin-panda.games\/at\/affiliate\/","name":"SpinPanda Partnerprogramm \u2013 Leitfaden f\u00fcr passives Einkommen","isPartOf":{"@id":"https:\/\/spin-panda.games\/at\/#website"},"datePublished":"2026-03-31T09:13:51+00:00","dateModified":"2026-04-16T07:20:38+00:00","description":"Melden Sie sich kostenlos beim SpinPanda-Partnerprogramm \u00d6sterreich an! Freuen Sie sich auf ein regelm\u00e4\u00dfiges passives Einkommen, w\u00f6chentliche Auszahlungen und eine Umsatzbeteiligung von bis zu 50 %. Ausf\u00fchrliche Anleitung: Anmeldung, Tools und Tipps zur Werbung f\u00fcr Slots und Live-Casino-Spiele f\u00fcr maximale Konversionsraten.","inLanguage":"de-AT","potentialAction":[{"@type":"ReadAction","target":["https:\/\/spin-panda.games\/at\/affiliate\/"]}]},{"@type":"WebSite","@id":"https:\/\/spin-panda.games\/at\/#website","url":"https:\/\/spin-panda.games\/at\/","name":"Spin-Panda Games AT","description":"","potentialAction":[{"@type":"SearchAction","target":{"@type":"EntryPoint","urlTemplate":"https:\/\/spin-panda.games\/at\/?s={search_term_string}"},"query-input":{"@type":"PropertyValueSpecification","valueRequired":true,"valueName":"search_term_string"}}],"inLanguage":"de-AT"}]}},"_links":{"self":[{"href":"https:\/\/spin-panda.games\/at\/wp-json\/wp\/v2\/pages\/1499","targetHints":{"allow":["GET"]}}],"collection":[{"href":"https:\/\/spin-panda.games\/at\/wp-json\/wp\/v2\/pages"}],"about":[{"href":"https:\/\/spin-panda.games\/at\/wp-json\/wp\/v2\/types\/page"}],"author":[{"embeddable":true,"href":"https:\/\/spin-panda.games\/at\/wp-json\/wp\/v2\/users\/1"}],"replies":[{"embeddable":true,"href":"https:\/\/spin-panda.games\/at\/wp-json\/wp\/v2\/comments?post=1499"}],"version-history":[{"count":5,"href":"https:\/\/spin-panda.games\/at\/wp-json\/wp\/v2\/pages\/1499\/revisions"}],"predecessor-version":[{"id":1788,"href":"https:\/\/spin-panda.games\/at\/wp-json\/wp\/v2\/pages\/1499\/revisions\/1788"}],"wp:attachment":[{"href":"https:\/\/spin-panda.games\/at\/wp-json\/wp\/v2\/media?parent=1499"}],"curies":[{"name":"wp","href":"https:\/\/api.w.org\/{rel}","templated":true}]}}